{"id":12375,"date":"2025-03-03T15:08:01","date_gmt":"2025-03-03T14:08:01","guid":{"rendered":"https:\/\/mep-gmbh.net\/energiepolitik\/"},"modified":"2025-03-03T16:21:36","modified_gmt":"2025-03-03T15:21:36","slug":"energiepolitik","status":"publish","type":"page","link":"https:\/\/mep-gmbh.net\/en\/energiepolitik\/","title":{"rendered":"Energiepolitik"},"content":{"rendered":"<div class=\"wpb-content-wrapper\"><p>[vc_row][vc_column]\n\t\t\t<!-- START Energiepolitik REVOLUTION SLIDER 6.7.12 --><p class=\"rs-p-wp-fix\"><\/p>\n\t\t\t<rs-module-wrap id=\"rev_slider_11_1_wrapper\" data-source=\"gallery\" style=\"visibility:hidden;background:transparent;padding:0;margin:0px auto;margin-top:0;margin-bottom:0;\">\n\t\t\t\t<rs-module id=\"rev_slider_11_1\" style=\"\" data-version=\"6.7.12\">\n\t\t\t\t\t<rs-slides style=\"overflow: hidden; position: absolute;\">\n\t\t\t\t\t\t<rs-slide style=\"position: absolute;\" data-key=\"rs-20\" data-title=\"Slide\" data-anim=\"adpr:false;\" data-in=\"o:0;\" data-out=\"a:false;\">\n\t\t\t\t\t\t\t<img decoding=\"async\" src=\"\/\/mep-gmbh.net\/wp-content\/plugins\/revslider\/sr6\/assets\/assets\/dummy.png\" alt=\"\" title=\"Energiepolitik\" class=\"rev-slidebg tp-rs-img rs-lazyload\" data-lazyload=\"\/\/mep-gmbh.net\/wordpress\/wp-content\/uploads\/2015\/11\/ME-Titelbild-Verantwortung.jpg\" data-no-retina>\n<!--\n\t\t\t\t\t\t\t--><rs-layer\n\t\t\t\t\t\t\t\tid=\"slider-11-slide-20-layer-1\" \n\t\t\t\t\t\t\t\tclass=\"ME_medium_bold_white\"\n\t\t\t\t\t\t\t\tdata-type=\"text\"\n\t\t\t\t\t\t\t\tdata-color=\"rgba(255,255,255,1)\"\n\t\t\t\t\t\t\t\tdata-rsp_ch=\"on\"\n\t\t\t\t\t\t\t\tdata-xy=\"x:40px;y:200px;\"\n\t\t\t\t\t\t\t\tdata-text=\"s:50;l:60;\"\n\t\t\t\t\t\t\t\tdata-frame_1=\"e:power2.inOut;st:900;sp:600;\"\n\t\t\t\t\t\t\t\tdata-frame_999=\"o:0;e:nothing;st:w;\"\n\t\t\t\t\t\t\t\tstyle=\"z-index:7;font-family:'Lato';text-transform:uppercase;\"\n\t\t\t\t\t\t\t>ISO 50001 \n\t\t\t\t\t\t\t<\/rs-layer><!--\n\n\t\t\t\t\t\t\t--><rs-layer\n\t\t\t\t\t\t\t\tid=\"slider-11-slide-20-layer-3\" \n\t\t\t\t\t\t\t\tclass=\"Kreis tp-shapetp-shapewrapper\"\n\t\t\t\t\t\t\t\tdata-type=\"shape\"\n\t\t\t\t\t\t\t\tdata-rsp_ch=\"on\"\n\t\t\t\t\t\t\t\tdata-xy=\"x:-40px;y:c;yo:20px;\"\n\t\t\t\t\t\t\t\tdata-text=\"fw:100;\"\n\t\t\t\t\t\t\t\tdata-dim=\"w:500px;h:500px;\"\n\t\t\t\t\t\t\t\tdata-border=\"bor:500px,500px,500px,500px;\"\n\t\t\t\t\t\t\t\tdata-frame_0=\"x:left;o:1;\"\n\t\t\t\t\t\t\t\tdata-frame_1=\"e:power2.inOut;st:300;sp:500;\"\n\t\t\t\t\t\t\t\tdata-frame_999=\"o:0;e:nothing;st:w;\"\n\t\t\t\t\t\t\t\tstyle=\"z-index:5;background-color:rgba(107,128,42,0.35);\"\n\t\t\t\t\t\t\t> \n\t\t\t\t\t\t\t<\/rs-layer><!--\n\n\t\t\t\t\t\t\t--><rs-layer\n\t\t\t\t\t\t\t\tid=\"slider-11-slide-20-layer-4\" \n\t\t\t\t\t\t\t\tclass=\"tp-shapetp-shapewrapper\"\n\t\t\t\t\t\t\t\tdata-type=\"shape\"\n\t\t\t\t\t\t\t\tdata-rsp_ch=\"on\"\n\t\t\t\t\t\t\t\tdata-xy=\"x:-10px;y:-30px;\"\n\t\t\t\t\t\t\t\tdata-text=\"fw:800;\"\n\t\t\t\t\t\t\t\tdata-dim=\"w:500px;h:500px;\"\n\t\t\t\t\t\t\t\tdata-border=\"bor:500px,500px,500px,500px;\"\n\t\t\t\t\t\t\t\tdata-frame_0=\"x:right;o:1;\"\n\t\t\t\t\t\t\t\tdata-frame_1=\"e:power2.inOut;st:300;sp:500;\"\n\t\t\t\t\t\t\t\tdata-frame_999=\"o:0;e:nothing;st:w;\"\n\t\t\t\t\t\t\t\tstyle=\"z-index:6;background-color:rgba(107,128,42,0.35);\"\n\t\t\t\t\t\t\t> \n\t\t\t\t\t\t\t<\/rs-layer><!--\n-->\t\t\t\t\t<\/rs-slide>\n\t\t\t\t\t<\/rs-slides>\n\t\t\t\t<\/rs-module>\n\t\t\t\t<script>\n\t\t\t\t\tsetREVStartSize({c: 'rev_slider_11_1',rl:[1240,1024,778,480],el:[400],gw:[1240],gh:[400],type:'standard',justify:'',layout:'fullwidth',mh:\"0\"});if (window.RS_MODULES!==undefined && window.RS_MODULES.modules!==undefined && window.RS_MODULES.modules[\"revslider111\"]!==undefined) {window.RS_MODULES.modules[\"revslider111\"].once = false;window.revapi11 = undefined;if (window.RS_MODULES.checkMinimal!==undefined) window.RS_MODULES.checkMinimal()}\n\t\t\t\t<\/script>\n\t\t\t<\/rs-module-wrap>\n\t\t\t<!-- END REVOLUTION SLIDER -->\n[vc_empty_space][\/vc_column][\/vc_row][vc_row][vc_column width=&#8221;2\/3&#8243;]<h1 class=\"sc_title sc_title_regular\" style=\"````\"><\/p>\n<p style=\"text-align: left;\"><strong>Energiemanagement der<\/strong><br \/>\n<strong>MEP M\u00fcnsterland Energy Production GmbH<\/strong><\/p>\n<p><\/h1>[vc_column_text css=&#8221;&#8221;]<\/p>\n<p>Die Verantwortung f\u00fcr ein umweltbewusstes und ressourcenschonendes Wirtschaften gibt uns die Motivation, unsere Energiepolitik wie folgt zu formulieren:<\/p>\n<p>[\/vc_column_text][vc_empty_space height=&#8221;20px&#8221;][vc_column_text css=&#8221;&#8221;]<\/p>\n<ul>\n<li style=\"text-align: left;\">Verantwortung: Wir sind bestrebt, energetische Ressourcen verantwortungsvoll<br \/>\neinzusetzen. Dieses Ziel wird durch den Betrieb eines Energiemanagementsystems nach Norm DIN EN ISO 50001 unterst\u00fctzt.<\/li>\n<li style=\"text-align: left;\">Zukunftsf\u00e4higkeit: S\u00e4mtliche Investitionsentscheidungen ber\u00fccksichtigen das Thema Energieeffizienz als integralen Bestandteil.<\/li>\n<li style=\"text-align: left;\">Perspektive: Die zuk\u00fcnftige Wettbewerbsf\u00e4higkeit wird infolge der Umsetzung gezielter Ma\u00dfnahmen zur Verbesserung der Energieeffizienz erh\u00f6ht.<\/li>\n<li style=\"text-align: left;\">Kontinuierliche Verbesserung: Wir verpflichten uns, sowohl unsere energiebezogene Leistung als auch unser EnMS an sich kontinuierlich zu verbessern. Die festgelegten Energieziele werden kontinuierlich \u00fcberpr\u00fcft.<\/li>\n<li style=\"text-align: left;\">Ressourcen: F\u00fcr das Erreichen unserer Energieziele stellen wir alle ben\u00f6tigten<br \/>\nInformationen und Ressourcen zur Verf\u00fcgung.<\/li>\n<li style=\"text-align: left;\">Beschaffung: Bei der Beschaffung von Produkten, Dienstleistungen und Energie wird stets die Energieeffizienz ber\u00fccksichtigt.<\/li>\n<li style=\"text-align: left;\">Auslegung: Es werden auslegungsbezogene T\u00e4tigkeiten unterst\u00fctzt, welche die Verbesserung der energiebezogenen Leistung ber\u00fccksichtigen.<\/li>\n<li style=\"text-align: left;\">Mitarbeiter: Die Mitarbeiter werden aufgefordert, ihrer Verantwortung f\u00fcr<br \/>\nenergiebewusstes Handeln nachzukommen und Impulse zur Verbesserung der Energieeffizienz zu initiieren und umzusetzen.<\/li>\n<li style=\"text-align: left;\">Gesetzlicher Rahmen: Die relevanten gesetzlichen Rahmenbedingungen sowie weitere Anforderungen an unseren Energieeinsatz, den Energieverbrauch und die Energieeffizienz werden eingehalten.<\/li>\n<li style=\"text-align: left;\">Anwendungsbereich: Diese Energiepolitik und das EnMS gilt f\u00fcr die Burkhardt GmbH und ihre Tochtergesellschaften.<\/li>\n<\/ul>\n<p>[\/vc_column_text][vc_empty_space][vc_column_text css=&#8221;&#8221;]Um in unserem Unternehmen den verantwortungsbewussten Umgang mit Energie zu f\u00f6rdern, hat die Gesch\u00e4ftsf\u00fchrung die Durchf\u00fchrung eines Energiemanagementsystems nach DIN EN ISO 50001 beschlossen. F\u00fcr den Aufbau, den Betrieb und die kontinuierliche Weiterentwicklung des EnMS ist die Gesch\u00e4ftsf\u00fchrung verantwortlich. Zur Unterst\u00fctzung werden Energiemanagementbeauftragte und ein Energieteam ernannt. Die Energiepolitik ist ab sofort g\u00fcltig.[\/vc_column_text][vc_empty_space][\/vc_column][vc_column width=&#8221;1\/3&#8243;][\/vc_column][\/vc_row]<\/p>\n<\/div>","protected":false},"excerpt":{"rendered":"<p>[vc_row][vc_column][vc_empty_space][\/vc_column][\/vc_row][vc_row][vc_column width=&#8221;2\/3&#8243;][vc_column_text css=&#8221;&#8221;] Die Verantwortung f\u00fcr ein umweltbewusstes und ressourcenschonendes Wirtschaften gibt uns die Motivation, unsere Energiepolitik wie folgt zu formulieren: [\/vc_column_text][vc_empty_space height=&#8221;20px&#8221;][vc_column_text css=&#8221;&#8221;] Verantwortung: Wir sind bestrebt, energetische Ressourcen verantwortungsvoll einzusetzen. Dieses Ziel wird durch den Betrieb eines Energiemanagementsystems nach Norm DIN EN ISO 50001 unterst\u00fctzt. Zukunftsf\u00e4higkeit: S\u00e4mtliche Investitionsentscheidungen ber\u00fccksichtigen das Thema Energieeffizienz als [&hellip;]<\/p>\n","protected":false},"author":2,"featured_media":0,"parent":0,"menu_order":0,"comment_status":"closed","ping_status":"closed","template":"","meta":{"footnotes":""},"class_list":["post-12375","page","type-page","status-publish","hentry"],"_links":{"self":[{"href":"https:\/\/mep-gmbh.net\/en\/wp-json\/wp\/v2\/pages\/12375","targetHints":{"allow":["GET"]}}],"collection":[{"href":"https:\/\/mep-gmbh.net\/en\/wp-json\/wp\/v2\/pages"}],"about":[{"href":"https:\/\/mep-gmbh.net\/en\/wp-json\/wp\/v2\/types\/page"}],"author":[{"embeddable":true,"href":"https:\/\/mep-gmbh.net\/en\/wp-json\/wp\/v2\/users\/2"}],"replies":[{"embeddable":true,"href":"https:\/\/mep-gmbh.net\/en\/wp-json\/wp\/v2\/comments?post=12375"}],"version-history":[{"count":10,"href":"https:\/\/mep-gmbh.net\/en\/wp-json\/wp\/v2\/pages\/12375\/revisions"}],"predecessor-version":[{"id":12396,"href":"https:\/\/mep-gmbh.net\/en\/wp-json\/wp\/v2\/pages\/12375\/revisions\/12396"}],"wp:attachment":[{"href":"https:\/\/mep-gmbh.net\/en\/wp-json\/wp\/v2\/media?parent=12375"}],"curies":[{"name":"wp","href":"https:\/\/api.w.org\/{rel}","templated":true}]}}