{"id":12218,"date":"2017-10-02T11:46:07","date_gmt":"2017-10-02T09:46:07","guid":{"rendered":"https:\/\/mep-gmbh.net\/?page_id=12218"},"modified":"2024-06-12T12:02:15","modified_gmt":"2024-06-12T10:02:15","slug":"imprint-and-disclaimer","status":"publish","type":"page","link":"https:\/\/mep-gmbh.net\/en\/imprint-and-disclaimer\/","title":{"rendered":"Imprint and disclaimer"},"content":{"rendered":"<div class=\"wpb-content-wrapper\"><p>[vc_row][vc_column width=&#8221;1\/3&#8243;][vc_column_text css=&#8221;&#8221;]<\/p>\n<h5>ME M\u00fcnsterland Energy GmbH<\/h5>\n<p>CHP Plant:<br \/>\nAm Kanal 45<br \/>\n49549 Ladbergen<\/p>\n<p>Phone: +49 (0) 5485 8348910<br \/>\nEmail: <a href=\"mailto:info@mep-gmbh.net\">info@mep-gmbh.net<\/a>[\/vc_column_text][vc_column_text css=&#8221;&#8221;]<\/p>\n<h5>Managing Director<\/h5>\n<p>Claus Burkhardt, Christian Grube[\/vc_column_text][vc_column_text css=&#8221;&#8221;]<\/p>\n<h5>Registered Office<\/h5>\n<p>Kreutweg 2<br \/>\n92360 M\u00fchlhausen<\/p>\n<p>Telefon: +49 (0) 9185 9401-0[\/vc_column_text][vc_column_text css=&#8221;&#8221;]<\/p>\n<h5>District Court Nuremberg<\/h5>\n<p>HRB 42611[\/vc_column_text][vc_column_text css=&#8221;&#8221;]<\/p>\n<h5>VAT No.<\/h5>\n<p>DE365543035[\/vc_column_text][vc_column_text]<\/p>\n<h5>Concept, Design, Realisation:<\/h5>\n<p>Wist+Laumann<br \/>\n<a href=\"http:\/\/www.wistundlaumann.de\" target=\"_blank\" rel=\"noopener\">www.wistundlaumann.de<br \/>\n<\/a><a href=\"http:\/\/www.plakatiger.de\" target=\"_blank\" rel=\"noopener\">www.plakatiger.de<\/a>[\/vc_column_text][vc_empty_space height=&#8221;70px&#8221;][\/vc_column][vc_column width=&#8221;2\/3&#8243;][vc_column_text css=&#8221;&#8221;]<\/p>\n<h5>Disclaimer<\/h5>\n<p>1. Die Bilder, Texte und\/oder grafischen Gestaltungen auf der Website sind urheberrechtlich gesch\u00fctzt. Das Copyright f\u00fcr ver\u00f6ffentlichte, selbst erstellte Objekte bleibt allein bei der MEP M\u00fcnsterland Energy Production GmbH. Kein Teil des Inhalts dieser Website, das gilt insbesondere f\u00fcr Grafiken, Tondokumente, Videosequenzen und Texte, darf ohne schriftliche Genehmigung der MEP M\u00fcnsterland Energy Production GmbH in anderen elektronischen oder gedruckten Publikationen vervielf\u00e4ltigt oder verwendet werden.<\/p>\n<p>2. Die MEP M\u00fcnsterland Energy Production GmbH \u00fcbernimmt keinerlei Gew\u00e4hr f\u00fcr die Aktualit\u00e4t, Korrektheit, Vollst\u00e4ndigkeit oder Qualit\u00e4t der bereitgestellten Informationen. Haftungsanspr\u00fcche gegen sie, welche sich auf Sch\u00e4den materieller oder ideeller Art beziehen, die durch die Nutzung oder Nichtnutzung der dargebotenen Informationen bzw. durch die Nutzung fehlerhafter und unvollst\u00e4ndiger Informationen verursacht wurden, sind grunds\u00e4tzlich ausgeschlossen, sofern seitens der MEP M\u00fcnsterland Energy Production GmbH nachweislich kein vors\u00e4tzliches Verschulden vorliegt.<\/p>\n<p>3. Die MEP M\u00fcnsterland Energy Production GmbH haftet bei direkten oder indirekten Verweisen auf fremde Internetseiten (\u201eLinks\u201c), die au\u00dferhalb ihres Verantwortungsbereiches liegen, nicht f\u00fcr deren Inhalte. F\u00fcr illegale, fehlerhafte oder unvollst\u00e4ndige Inhalte und insbesondere f\u00fcr Sch\u00e4den, die aus der Nutzung oder Nichtnutzung solcher Art dargebotener Informationen entstehen, haftet allein der Anbieter der Seite, auf welche verwiesen wurde. Die MEP M\u00fcnsterland Energy Production GmbH erkl\u00e4rt hiermit ausdr\u00fccklich, dass zum Zeitpunkt der Linksetzung die entsprechenden verlinkten Seiten ihrer Kenntnis nach frei von illegalen Inhalten waren. Auf die aktuelle oder zuk\u00fcnftige Gestaltung, die Inhalte oder Urheberschaft der verlinkten oder verkn\u00fcpften Seiten hat die MEP M\u00fcnsterland Energy Production GmbH keinerlei Einfluss. Deshalb distanziert sie sich hiermit ausdr\u00fccklich von allen Inhalten der verlinkten\/verkn\u00fcpften Seiten, die nach der Linksetzung ver\u00e4ndert wurden. Diese Feststellung gilt f\u00fcr alle innerhalb des eigenen Internetangebotes gesetzten Links und Verweise sowie f\u00fcr Fremdeintr\u00e4ge in den von der MEP M\u00fcnsterland Energy Production GmbH eingerichteten G\u00e4steb\u00fcchern, Diskussionsforen und Mailinglisten.<\/p>\n<p>4. Sofern Teile oder einzelne Formulierungen dieses Textes der geltenden Rechtslage nicht, nicht mehr oder nicht vollst\u00e4ndig entsprechen sollten, bleiben die \u00fcbrigen Teile des Dokumentes in ihrem Inhalt und ihrer G\u00fcltigkeit davon unber\u00fchrt.[\/vc_column_text][vc_empty_space height=&#8221;70px&#8221;][\/vc_column][\/vc_row]<\/p>\n<\/div>","protected":false},"excerpt":{"rendered":"<p>[vc_row][vc_column width=&#8221;1\/3&#8243;][vc_column_text css=&#8221;&#8221;] ME M\u00fcnsterland Energy GmbH CHP Plant: Am Kanal 45 49549 Ladbergen Phone: +49 (0) 5485 8348910 Email: info@mep-gmbh.net[\/vc_column_text][vc_column_text css=&#8221;&#8221;] Managing Director Claus Burkhardt, Christian Grube[\/vc_column_text][vc_column_text css=&#8221;&#8221;] Registered Office Kreutweg 2 92360 M\u00fchlhausen Telefon: +49 (0) 9185 9401-0[\/vc_column_text][vc_column_text css=&#8221;&#8221;] District Court Nuremberg HRB 42611[\/vc_column_text][vc_column_text css=&#8221;&#8221;] VAT No. DE365543035[\/vc_column_text][vc_column_text] Concept, Design, Realisation: Wist+Laumann www.wistundlaumann.de [&hellip;]<\/p>\n","protected":false},"author":3,"featured_media":0,"parent":0,"menu_order":0,"comment_status":"closed","ping_status":"closed","template":"","meta":{"footnotes":""},"class_list":["post-12218","page","type-page","status-publish","hentry"],"_links":{"self":[{"href":"https:\/\/mep-gmbh.net\/en\/wp-json\/wp\/v2\/pages\/12218","targetHints":{"allow":["GET"]}}],"collection":[{"href":"https:\/\/mep-gmbh.net\/en\/wp-json\/wp\/v2\/pages"}],"about":[{"href":"https:\/\/mep-gmbh.net\/en\/wp-json\/wp\/v2\/types\/page"}],"author":[{"embeddable":true,"href":"https:\/\/mep-gmbh.net\/en\/wp-json\/wp\/v2\/users\/3"}],"replies":[{"embeddable":true,"href":"https:\/\/mep-gmbh.net\/en\/wp-json\/wp\/v2\/comments?post=12218"}],"version-history":[{"count":9,"href":"https:\/\/mep-gmbh.net\/en\/wp-json\/wp\/v2\/pages\/12218\/revisions"}],"predecessor-version":[{"id":12364,"href":"https:\/\/mep-gmbh.net\/en\/wp-json\/wp\/v2\/pages\/12218\/revisions\/12364"}],"wp:attachment":[{"href":"https:\/\/mep-gmbh.net\/en\/wp-json\/wp\/v2\/media?parent=12218"}],"curies":[{"name":"wp","href":"https:\/\/api.w.org\/{rel}","templated":true}]}}